{"id":35,"date":"2021-02-16T21:58:31","date_gmt":"2021-02-16T20:58:31","guid":{"rendered":"http:\/\/tamtamperrandagi.it\/?page_id=35"},"modified":"2025-05-08T22:16:17","modified_gmt":"2025-05-08T20:16:17","slug":"dona-con-il-cuore","status":"publish","type":"page","link":"http:\/\/www.tamtamperrandagi.it\/?page_id=35","title":{"rendered":"Dona con il cuore"},"content":{"rendered":"\n<div class=\"wp-container-3 wp-block-group\"><div class=\"wp-block-group__inner-container\">\n<div class=\"wp-block-columns\">\n<div class=\"wp-block-column\" style=\"flex-basis:100%\">\n<div class=\"wp-container-2 wp-block-group\"><div class=\"wp-block-group__inner-container\">\n<div class=\"wp-block-columns are-vertically-aligned-top\">\n<div class=\"wp-block-column is-vertically-aligned-top\" style=\"flex-basis:100%\">\n<div class=\"wp-container-1 wp-block-group\"><div class=\"wp-block-group__inner-container\">\n<p>Avete a cuore il benessere dei micioni? Allora siete dei nostri!&nbsp;<\/p>\n\n\n\n<p>Siamo piccoli, ma tenaci e cerchiamo di accogliere tutti i gattoni che hanno bisogno del nostro aiuto! Per farlo al meglio dobbiamo pensare concretamente al mantenimento della struttura della colonia felina, insieme alle cure veterinarie e al cibo, che non possono mai mancare.<\/p>\n\n\n\n<p><em><strong>Come potete aiutarci?<\/strong> <\/em><\/p>\n\n\n\n<h2><strong>Donazioni<\/strong><\/h2>\n\n\n\n<p>Uno dei modi per sostenere la nostra associazione sono le donazioni: libere e deducibili dalle tasse!&nbsp;<\/p>\n\n\n\n<p>Potete scegliere la modalit\u00e0 per voi pi\u00f9 comoda:<\/p>\n\n\n\n<ul><li><strong>Bonifico su CONTO CORRENTE BANCARIO Tam Tam per Randagi &#8211; IBAN: IT86G0838632550000000306744 &nbsp; CAUSALE DELLA DONAZIONE: inserire la dicitura \u201cDonazione\u201d o \u201cErogazione liberale\u201d<\/strong><\/li><li><strong>Bonifico su Carta Conto (zero commissioni bancarie)<\/strong> <strong>Tam Tam per Randagi<\/strong> &#8211; <strong>IBAN: IT28D0800003201000000203352 &nbsp; CAUSALE DELLA DONAZIONE: inserire la dicitura \u201cDonazione\u201d o \u201cErogazione liberale\u201d<\/strong><\/li><li><strong>Satispay: <\/strong><a href=\"https:\/\/tag.satispay.com\/TAMTAM\"><strong>https:\/\/tag.satispay.com\/TAMTAM<\/strong><\/a><\/li><li><strong>PayPal: <\/strong><a rel=\"noreferrer noopener\" href=\"https:\/\/www.paypal.com\/biz\/fund?id=UWKY34W7FXHZY\" target=\"_blank\"><strong>https:\/\/www.paypal.com\/biz\/fund?id=UWKY34W7FXHZY<\/strong><\/a><strong>&nbsp;<\/strong><\/li><\/ul>\n\n\n\n<div style=\"height:40px\" aria-hidden=\"true\" class=\"wp-block-spacer\"><\/div>\n\n\n\n<h2><strong>5 x mille<\/strong><\/h2>\n\n\n\n<p>Potrete optare anche per la donazione del <strong>5 X MILLE<\/strong>! A voi non costa nulla, ma \u00e8 un aiuto prezioso per la nostra associazione! Indicando il nostro codice fiscale nella vostra dichiarazione dei redditi e apponendo la firma nell&#8217;apposita casellina: \u00e8 una donazione che richiede il minimo impegno, ma assicura un grosso sostegno! <strong>C.F.: 97536050152<\/strong><\/p>\n\n\n\n<h2><strong>Raccolte pappa<\/strong><\/h2>\n\n\n\n<p>Un grande aiuto \u00e8 rappresentato dalle raccolte di pappe e crocche:<\/p>\n\n\n\n<p>Attraverso le pagine dei social <a href=\"https:\/\/www.facebook.com\/tamtamperrandagi\/\" target=\"_blank\" rel=\"noreferrer noopener\">Facebook<\/a> e <a href=\"https:\/\/www.instagram.com\/tamtamperrandagi\/?hl=it\" target=\"_blank\" rel=\"noreferrer noopener\">Instagram<\/a> diamo notizia delle campagne di raccolta pappe e crocche nei punti vendita dei migliori negozi di cibo per animali che scelgono di ospitare le nostre ceste logate: potrete acquistare qualche scatoletta per i nostri micioni da lasciare nelle ceste, noi passeremo a ritirarle con molto piacere! I micioni apprezzano tanto i pensierini golosi!<\/p>\n\n\n\n<p>Certamente, potete scegliere di donare ai pelosetti della nostra colonia felina le pappe che i vostri micioni non gradiscono! Sappiamo bene che i loro gusti possono cambiare appena si fa scorta di un certo tipo di pappa, quasi in automatico&#8230; Ma qui nulla va sprecato!&nbsp;<\/p>\n\n\n\n<h4><strong>Abbiamo anche una Wish list!<\/strong><\/h4>\n\n\n\n<p>Potete scegliere tra i prodotti che trovate nella nostra <a rel=\"noreferrer noopener\" href=\"https:\/\/www.amazon.it\/hz\/wishlist\/ls\/19229O3CB6SV0\/ref=hz_ls_biz_ex\" target=\"_blank\">Wish list di Amazon<\/a>, sono tutti utili e apprezzatissimi dai nostri gattoni! Potete portarli alla colonia dei Laghi Carcana, con l&#8217;occasione di un salutino a tutti gli amici pelosi, o farli recapitare direttamente al nostro indirizzo al momento dell&#8217;acquisto. Noi vi ringraziamo di cuore!<\/p>\n\n\n\n<p><a href=\"https:\/\/www.amazon.it\/hz\/wishlist\/ls\/19229O3CB6SV0\/ref=hz_ls_biz_ex\">https:\/\/www.amazon.it\/hz\/wishlist\/ls\/19229O3CB6SV0\/ref=hz_ls_biz_ex<\/a><\/p>\n\n\n\n<h2><strong>Volontariato&nbsp;<\/strong><\/h2>\n\n\n\n<p>Uno dei modi pi\u00f9 stimolanti per aiutarci \u00e8 il volontariato! Il tempo passato con i gatti non \u00e8 mai sprecato e vi accorgerete che prendersene cura ha un significato molto profondo\u2026 provate a non sorridere quando un gattone vi riconosce e corre verso di voi con la codina alzata!<\/p>\n\n\n\n<p>Per diventare volontario: <a href=\"mailto:info@tamtamperrandagi.it\" data-type=\"mailto\" data-id=\"mailto:info@tamtamperrandagi.it\">info@tamtamperrandagi.it<\/a><\/p>\n\n\n\n<figure class=\"wp-block-image size-large is-resized is-style-default\"><a href=\"http:\/\/www.tamtamperrandagi.it\/?page_id=15\"><img loading=\"lazy\" src=\"http:\/\/www.tamtamperrandagi.it\/wp-content\/uploads\/2021\/03\/dona-tempo-edited.jpg\" alt=\"\" class=\"wp-image-404\" width=\"226\" height=\"226\" srcset=\"http:\/\/www.tamtamperrandagi.it\/wp-content\/uploads\/2021\/03\/dona-tempo-edited.jpg 1076w, http:\/\/www.tamtamperrandagi.it\/wp-content\/uploads\/2021\/03\/dona-tempo-edited-300x300.jpg 300w, http:\/\/www.tamtamperrandagi.it\/wp-content\/uploads\/2021\/03\/dona-tempo-edited-1024x1024.jpg 1024w, http:\/\/www.tamtamperrandagi.it\/wp-content\/uploads\/2021\/03\/dona-tempo-edited-150x150.jpg 150w, http:\/\/www.tamtamperrandagi.it\/wp-content\/uploads\/2021\/03\/dona-tempo-edited-768x769.jpg 768w\" sizes=\"(max-width: 226px) 100vw, 226px\" \/><\/a><\/figure>\n\n\n\n<h2><strong>Donazione punti Fragola<\/strong><\/h2>\n\n\n\n<p>Fate la spesa da Esselunga e vi avanza qualche punticino? Anche se pochi, non lasciateli scadere, potete donarli alla nostra colonia felina! Assicuriamo che saranno spesi tutti per l&#8217;acquisto di pappe nutrienti e antiparassitari per i nostri pelosetti! <\/p>\n\n\n\n<p><strong>Questo \u00e8 il codice della nostra Fidaty Card: 0407013903937<\/strong> <\/p>\n\n\n\n<p>Potete rivolgervi al punto Fidaty a voi pi\u00f9 comodo o effettuare la donazione tramite l&#8217;app di Esselunga&#8230; sempre in totale comodit\u00e0! <\/p>\n\n\n\n<h2><strong>Adozione a distanza&nbsp;<\/strong><\/h2>\n\n\n\n<p><strong>Adottando a distanza<\/strong> un nostro ospite (<a href=\"mailto:adozioni@tamtamperrandagi.it\">adozioni@tamtamperrandagi.it<\/a>)<\/p>\n\n\n\n<p>Regalando ad un amico <strong>l\u2019adozione a distanza<\/strong><\/p>\n\n\n\n<h2><strong>Lasciti<\/strong><\/h2>\n\n\n\n<p><strong>Con il tuo gesto potrai amarli per sempre.<\/strong><\/p>\n\n\n\n<p>Lasciare una donazione a Tam Tam per Randagi nel proprio testamento significa garantire un domani migliore a tanti animali che avranno bisogno del nostro aiuto, garantendo loro cibo, cure veterinarie, protezione e assistenza. Significa stare dalla parte degli animali concretamente e per sempre.<\/p>\n\n\n\n<p><strong>Anche poco potr\u00e0 essere tanto per loro!<\/strong><\/p>\n\n\n\n<p>Non servono grandi cifre, basta poco! E\u2019 stato con i <em>tanti piccoli poco<\/em> che siamo arrivati fino a qui. E con i<em> tanti poco<\/em> di ogni giorno riusciamo ad aiutare e salvare tutti i nostri animali.<\/p>\n\n\n\n<p><strong><em><span class=\"has-inline-color has-vivid-green-cyan-color\">Noi vi ringraziamo immensamente per l&#8217;interesse e l&#8217;impegno\u2026<\/span><\/em><\/strong> <span style=\"color:#f9009a\" class=\"has-inline-color\"><strong><em>un abbraccio da tutto lo staff di Tam Tam per Randagi!<\/em><\/strong><\/span><\/p>\n<\/div><\/div>\n<\/div>\n<\/div>\n<\/div><\/div>\n<\/div>\n<\/div>\n<\/div><\/div>\n\n\n\n<p><\/p>\n","protected":false},"excerpt":{"rendered":"<p>Avete a cuore il benessere dei micioni? Allora siete dei nostri!&nbsp; Siamo piccoli, ma tenaci e cerchiamo di accogliere tutti i gattoni che hanno bisogno del nostro aiuto! Per farlo al meglio dobbiamo pensare concretamente al mantenimento della struttura della colonia felina, insieme alle cure veterinarie e al cibo, che non possono mai mancare. Come [&hellip;]<\/p>\n","protected":false},"author":1,"featured_media":0,"parent":0,"menu_order":0,"comment_status":"closed","ping_status":"closed","template":"","meta":[],"_links":{"self":[{"href":"http:\/\/www.tamtamperrandagi.it\/index.php?rest_route=\/wp\/v2\/pages\/35"}],"collection":[{"href":"http:\/\/www.tamtamperrandagi.it\/index.php?rest_route=\/wp\/v2\/pages"}],"about":[{"href":"http:\/\/www.tamtamperrandagi.it\/index.php?rest_route=\/wp\/v2\/types\/page"}],"author":[{"embeddable":true,"href":"http:\/\/www.tamtamperrandagi.it\/index.php?rest_route=\/wp\/v2\/users\/1"}],"replies":[{"embeddable":true,"href":"http:\/\/www.tamtamperrandagi.it\/index.php?rest_route=%2Fwp%2Fv2%2Fcomments&post=35"}],"version-history":[{"count":40,"href":"http:\/\/www.tamtamperrandagi.it\/index.php?rest_route=\/wp\/v2\/pages\/35\/revisions"}],"predecessor-version":[{"id":1163,"href":"http:\/\/www.tamtamperrandagi.it\/index.php?rest_route=\/wp\/v2\/pages\/35\/revisions\/1163"}],"wp:attachment":[{"href":"http:\/\/www.tamtamperrandagi.it\/index.php?rest_route=%2Fwp%2Fv2%2Fmedia&parent=35"}],"curies":[{"name":"wp","href":"https:\/\/api.w.org\/{rel}","templated":true}]}}