{"id":34,"date":"2021-02-16T21:58:31","date_gmt":"2021-02-16T20:58:31","guid":{"rendered":"http:\/\/tamtamperrandagi.it\/?page_id=34"},"modified":"2021-03-23T18:31:02","modified_gmt":"2021-03-23T17:31:02","slug":"storie-di-gommini","status":"publish","type":"page","link":"http:\/\/www.tamtamperrandagi.it\/?page_id=34","title":{"rendered":"Storie di Gommini"},"content":{"rendered":"\n<div class=\"wp-container-4 wp-block-group\"><div class=\"wp-block-group__inner-container\">\n<div style=\"height:46px\" aria-hidden=\"true\" class=\"wp-block-spacer\"><\/div>\n\n\n\n<div class=\"wp-block-media-text alignwide has-media-on-the-right is-stacked-on-mobile is-vertically-aligned-center\" style=\"grid-template-columns:auto 38%\"><figure class=\"wp-block-media-text__media\"><img loading=\"lazy\" width=\"214\" height=\"300\" src=\"http:\/\/www.tamtamperrandagi.it\/wp-content\/uploads\/2021\/03\/1616442384156-1-214x300.jpg\" alt=\"\" class=\"wp-image-872 size-medium\" srcset=\"http:\/\/www.tamtamperrandagi.it\/wp-content\/uploads\/2021\/03\/1616442384156-1-214x300.jpg 214w, http:\/\/www.tamtamperrandagi.it\/wp-content\/uploads\/2021\/03\/1616442384156-1.jpg 236w\" sizes=\"(max-width: 214px) 100vw, 214px\" \/><\/figure><div class=\"wp-block-media-text__content\">\n<p class=\"has-text-align-left\" style=\"font-size:22px\"><span style=\"color:#0fbdb2\" class=\"has-inline-color\"><em><strong>Storia di Lisa e il suo micione<\/strong><\/em><\/span><\/p>\n\n\n\n<div class=\"wp-container-2 wp-block-group\"><div class=\"wp-block-group__inner-container\">\n<div class=\"wp-block-columns\">\n<div class=\"wp-block-column\" style=\"flex-basis:100%\">\n<div class=\"wp-container-1 wp-block-group\"><div class=\"wp-block-group__inner-container\">\n<p>C\u2019era una volta una bambina tanto carina di nome Lisa.&nbsp;Era gentile e rispettosa e le piaceva tanto stare in compagnia degli animali.&nbsp;<\/p>\n\n\n\n<p>Un giorno, passeggiando in campagna con il suo pap\u00e0, trov\u00f2 un gattino tanto carino come lei, lo accarezz\u00f2 con delicatezza e subito diventarono amici e il suo pap\u00e0 decise di portarlo a casa con loro. Il gattino era felice, faceva tante fusa e stava sempre insieme alla piccola, condividendo avventure e giochi.&nbsp;<\/p>\n\n\n\n<p>La mamma di Lisa, vedendoli cos\u00ec felici,&nbsp;le regal\u00f2 un libro con tante pagine e una bella copertina dipinta a mano. Lisa lo apr\u00ec incuriosita, ma vide che le pagine erano tutte bianche e lo ripose nel cassetto aspettando di disegnarci qualcosa.&nbsp;<\/p>\n\n\n\n<p>Gli anni passarono e Lisa ed il suo pelosetto trascorsero molti anni insieme.&nbsp;Lei divent\u00f2 una bella ragazza con tante passioni e sogni da realizzare, il suo micione aveva un mantello folto e morbido, ascoltava tutto quello che Lisa gli raccontava e attento, rispondeva miagolando.&nbsp;<\/p>\n\n\n\n<p>Un giorno Lisa scov\u00f2 nel suo cassetto quel prezioso libro ricevuto in dono dalla mamma e con l\u2019intento di scriverci i suoi pensieri, lo apr\u00ec. Con grande sorpresa vide che le pagine non erano pi\u00f9 bianche e vuote, ma c\u2019erano scritte tutte le cose che il suo gattone le aveva miagolato fino a quel giorno.&nbsp;Era un libro magico!<\/p>\n\n\n\n<p>Lisa e il suo micione lo lessero tutto, rivivendo ogni momento vissuto insieme, con tanta voglia di viverne altri, ancora pi\u00f9 belli.<\/p>\n\n\n\n<p>(<em><strong><span class=\"has-inline-color has-light-green-cyan-color\">Ambra R.<\/span><\/strong><\/em>)<\/p>\n<\/div><\/div>\n<\/div>\n<\/div>\n<\/div><\/div>\n<\/div><\/div>\n\n\n\n<div class=\"wp-block-columns\">\n<div class=\"wp-block-column\" style=\"flex-basis:50%\">\n<div class=\"wp-container-3 wp-block-group\"><div class=\"wp-block-group__inner-container\"><\/div><\/div>\n<\/div>\n\n\n\n<div class=\"wp-block-column\" style=\"flex-basis:50%\"><\/div>\n<\/div>\n<\/div><\/div>\n\n\n\n<div style=\"height:51px\" aria-hidden=\"true\" class=\"wp-block-spacer\"><\/div>\n\n\n\n<div class=\"wp-container-5 wp-block-group\"><div class=\"wp-block-group__inner-container\">\n<div class=\"wp-block-media-text alignwide is-stacked-on-mobile\" style=\"grid-template-columns:35% auto\"><figure class=\"wp-block-media-text__media\"><img loading=\"lazy\" width=\"224\" height=\"300\" src=\"http:\/\/www.tamtamperrandagi.it\/wp-content\/uploads\/2021\/03\/1616442145481-224x300.jpg\" alt=\"\" class=\"wp-image-876 size-medium\" srcset=\"http:\/\/www.tamtamperrandagi.it\/wp-content\/uploads\/2021\/03\/1616442145481-224x300.jpg 224w, http:\/\/www.tamtamperrandagi.it\/wp-content\/uploads\/2021\/03\/1616442145481.jpg 570w\" sizes=\"(max-width: 224px) 100vw, 224px\" \/><\/figure><div class=\"wp-block-media-text__content\">\n<p style=\"font-size:22px\"><strong><em><span style=\"color:#f3669e\" class=\"has-inline-color\">Storia del gattino viaggiatore<\/span><\/em><\/strong><\/p>\n\n\n\n<p>In un giorno di pioggia un famoso scrittore d&#8217;altri tempi, che chiameremo K per non svelarne l&#8217;identit\u00e0, mentre passeggiava nel parco di Steglitz a Berlino, com\u2019era solito fare ogni giorno, incontr\u00f2 una bambina che piangeva disperata: aveva perso il suo gattino!<\/p>\n\n\n\n<p>Elsi, questo il nome della bambina, era in lacrime e tutto ci\u00f2 che desiderava era ritrovare il suo gattino perso ormai chiss\u00e0 dove. K rimase molto colpito dal modo in cui la piccola si disperava e dall\u2019intensit\u00e0 del suo dolore, cos\u00ec si offr\u00ec di aiutarla. Purtroppo il gattino non fu trovato, ma lui si invent\u00f2 un modo per consolare la piccola Elsi, che era ancora molto triste. Le diede appuntamento per il giorno seguente, esattamente nello stesso punto del parco in cui si erano incontrati. Aveva in mente una sorpresa per lei!<\/p>\n\n\n\n<p>In segreto, scrisse una lettera e disse alla piccola che era proprio da parte del suo amato gattino, che era partito per un viaggio. Lei, per\u00f2, era stata fortunata, perch\u00e9 aveva incontrato il postino dei gattini viaggiatori: \u201c<em>Non piangere, sono partito per vedere il mondo, ti riscriver\u00f2 raccontandoti le mie avventure<\/em>\u201d, diceva la lettera. A questa, K aggiunse un quadernetto con alcuni racconti di avventure immaginarie e di viaggi fantastici, come solo lui sapeva scrivere. Elsi, inizi\u00f2 a leggerne uno alla volta, uno al giorno, i racconti erano ricchi di parole suggestive che le fecero sognare luoghi lontani e bellissimi, e piano piano si calm\u00f2. <\/p>\n\n\n\n<p>Alla fine K and\u00f2 a cercare un gattino, lo trov\u00f2 e lo port\u00f2 in dono ad Elsi. Il suo aspetto differente venne giustificato da un biglietto appeso al collo: \u201c<em>I miei viaggi mi hanno cambiato<\/em>\u201d.<\/p>\n\n\n\n<p>Esattamente un anno dopo il loro incontro, K mor\u00ec. Sull&#8217;ultima pagina del quadernetto Elsi&nbsp; trov\u00f2 una frase che K le aveva scritto: \u201c<em>Ogni cosa che tu ami probabilmente la perderai, per\u00f2 alla fine ritroverai l\u2019amore in una forma diversa<\/em>\u201d.<\/p>\n<\/div><\/div>\n<\/div><\/div>\n\n\n\n<p><\/p>\n","protected":false},"excerpt":{"rendered":"<p>Storia di Lisa e il suo micione C\u2019era una volta una bambina tanto carina di nome Lisa.&nbsp;Era gentile e rispettosa e le piaceva tanto stare in compagnia degli animali.&nbsp; Un giorno, passeggiando in campagna con il suo pap\u00e0, trov\u00f2 un gattino tanto carino come lei, lo accarezz\u00f2 con delicatezza e subito diventarono amici e il [&hellip;]<\/p>\n","protected":false},"author":1,"featured_media":0,"parent":0,"menu_order":0,"comment_status":"closed","ping_status":"closed","template":"","meta":[],"_links":{"self":[{"href":"http:\/\/www.tamtamperrandagi.it\/index.php?rest_route=\/wp\/v2\/pages\/34"}],"collection":[{"href":"http:\/\/www.tamtamperrandagi.it\/index.php?rest_route=\/wp\/v2\/pages"}],"about":[{"href":"http:\/\/www.tamtamperrandagi.it\/index.php?rest_route=\/wp\/v2\/types\/page"}],"author":[{"embeddable":true,"href":"http:\/\/www.tamtamperrandagi.it\/index.php?rest_route=\/wp\/v2\/users\/1"}],"replies":[{"embeddable":true,"href":"http:\/\/www.tamtamperrandagi.it\/index.php?rest_route=%2Fwp%2Fv2%2Fcomments&post=34"}],"version-history":[{"count":12,"href":"http:\/\/www.tamtamperrandagi.it\/index.php?rest_route=\/wp\/v2\/pages\/34\/revisions"}],"predecessor-version":[{"id":879,"href":"http:\/\/www.tamtamperrandagi.it\/index.php?rest_route=\/wp\/v2\/pages\/34\/revisions\/879"}],"wp:attachment":[{"href":"http:\/\/www.tamtamperrandagi.it\/index.php?rest_route=%2Fwp%2Fv2%2Fmedia&parent=34"}],"curies":[{"name":"wp","href":"https:\/\/api.w.org\/{rel}","templated":true}]}}