{"id":2,"date":"2021-02-13T19:02:22","date_gmt":"2021-02-13T18:02:22","guid":{"rendered":"http:\/\/tamtamperrandagi.it\/?page_id=2"},"modified":"2021-03-12T18:08:26","modified_gmt":"2021-03-12T17:08:26","slug":"colonie-feline","status":"publish","type":"page","link":"http:\/\/www.tamtamperrandagi.it\/?page_id=2","title":{"rendered":"Colonie feline"},"content":{"rendered":"\n<div class=\"wp-container-1 wp-block-group\"><div class=\"wp-block-group__inner-container\">\n<h2>Colonie feline<\/h2>\n\n\n\n<p><em>Iniziamo subito a definire cosa sia una colonia felina.&nbsp;<\/em><br><br>Vi \u00e8 mai capitato di trovarvi in un posto un po&#8217; tranquillo, magari un po&#8217; isolato, ma con delle ciotoline o piatti posizionati in punti strategici?&nbsp;Se avete avuto la fortuna di incontrare anche un paio di gattoni che vi guardavano curiosi, con molta probabilit\u00e0 quella era una colonia felina! Il loro posticino abituale dove sentirsi al sicuro, trovare rifugio e ricevere cibo e attenzioni. <\/p>\n<\/div><\/div>\n\n\n\n<p>Le colonie sono aggregazioni strutturate di animali non di propriet\u00e0 e possono essere legate ad un qualsiasi luogo, pubblico o privato. <strong><span style=\"color:#ee4d8d\" class=\"has-inline-color\">Ma attenzione!<\/span><\/strong> Gli abitanti delle colonie si riconoscono tra loro e sanno di appartenere ad una determinata colonia presente in un preciso territorio, quindi i gatti abbandonati vicino ad una colonia avranno difficolt\u00e0 ad integrarsi\u2026 tendenzialmente i gatti sono territoriali, soprattutto i randagi!<br><br>Le colonie sono di fatto regolamentate secondo la Legge regionale n. 33 del 30\/12\/2009 e il Regolamento regionale del 13\/04\/17 n. 2, i quali stabiliscono che i gatti che vivono in stato di libert\u00e0 sul territorio sono protetti ed \u00e8 vietato maltrattarli o allontanarli dal loro habitat.<br><br><\/p>\n\n\n\n<div class=\"wp-container-6 wp-block-group alignwide\"><div class=\"wp-block-group__inner-container\">\n<div class=\"wp-block-columns are-vertically-aligned-center\">\n<div class=\"wp-block-column is-vertically-aligned-center\" style=\"flex-basis:100%\">\n<div class=\"wp-block-columns are-vertically-aligned-bottom\">\n<div class=\"wp-block-column is-vertically-aligned-bottom\" style=\"flex-basis:100%\">\n<div class=\"wp-container-5 wp-block-group alignwide\"><div class=\"wp-block-group__inner-container\">\n<div class=\"wp-block-columns\">\n<div class=\"wp-block-column\" style=\"flex-basis:100%\">\n<div class=\"wp-container-4 wp-block-group\"><div class=\"wp-block-group__inner-container\">\n<div class=\"wp-container-3 wp-block-group\"><div class=\"wp-block-group__inner-container\">\n<figure class=\"wp-block-gallery alignwide columns-2 is-cropped\"><ul class=\"blocks-gallery-grid\"><li class=\"blocks-gallery-item\"><figure><img loading=\"lazy\" width=\"194\" height=\"300\" src=\"http:\/\/www.tamtamperrandagi.it\/wp-content\/uploads\/2021\/03\/Star-194x300.jpg\" alt=\"\" data-id=\"416\" data-full-url=\"http:\/\/www.tamtamperrandagi.it\/wp-content\/uploads\/2021\/03\/Star.jpg\" data-link=\"http:\/\/www.tamtamperrandagi.it\/?attachment_id=416\" class=\"wp-image-416\" srcset=\"http:\/\/www.tamtamperrandagi.it\/wp-content\/uploads\/2021\/03\/Star-194x300.jpg 194w, http:\/\/www.tamtamperrandagi.it\/wp-content\/uploads\/2021\/03\/Star-663x1024.jpg 663w, http:\/\/www.tamtamperrandagi.it\/wp-content\/uploads\/2021\/03\/Star-768x1187.jpg 768w, http:\/\/www.tamtamperrandagi.it\/wp-content\/uploads\/2021\/03\/Star.jpg 946w\" sizes=\"(max-width: 194px) 100vw, 194px\" \/><\/figure><\/li><li class=\"blocks-gallery-item\"><figure><img loading=\"lazy\" width=\"300\" height=\"298\" src=\"http:\/\/www.tamtamperrandagi.it\/wp-content\/uploads\/2021\/03\/1615398077610-300x298.jpg\" alt=\"\" data-id=\"415\" data-full-url=\"http:\/\/www.tamtamperrandagi.it\/wp-content\/uploads\/2021\/03\/1615398077610.jpg\" data-link=\"http:\/\/www.tamtamperrandagi.it\/?attachment_id=415\" class=\"wp-image-415\" srcset=\"http:\/\/www.tamtamperrandagi.it\/wp-content\/uploads\/2021\/03\/1615398077610-300x298.jpg 300w, http:\/\/www.tamtamperrandagi.it\/wp-content\/uploads\/2021\/03\/1615398077610-150x150.jpg 150w, http:\/\/www.tamtamperrandagi.it\/wp-content\/uploads\/2021\/03\/1615398077610.jpg 619w\" sizes=\"(max-width: 300px) 100vw, 300px\" \/><\/figure><\/li><\/ul><\/figure>\n\n\n\n<div class=\"wp-container-2 wp-block-group alignwide\"><div class=\"wp-block-group__inner-container\">\n<p class=\"has-text-align-left\"><span class=\"has-inline-color has-vivid-green-cyan-color\"><strong>Loro sono Star, il micione nero con il papillon bianco, e Yellow, il gattone bianco e rosso.<\/strong><br><strong>Abitano da anni una delle nostre colonie e sono super coccoloni!<\/strong><\/span><\/p>\n<\/div><\/div>\n<\/div><\/div>\n<\/div><\/div>\n<\/div>\n<\/div>\n<\/div><\/div>\n<\/div>\n<\/div>\n<\/div>\n<\/div>\n<\/div><\/div>\n\n\n\n<p><em>Chi \u00e8 quindi responsabile di questi gattoni?<\/em><br><br>La responsabilit\u00e0 \u00e8 del Comune in cui si trova la colonia ma, di fatto, le persone che si occupano di procurare cibo e cure ai mici sono privati cittadini o volontari appartenenti ad associazioni di volontariato per la protezione animale iscritte al Registro Regionale e sono denominati referenti o tutor di colonia felina.<br><br>Risulta importante registrare la colonia felina di cui si ci occupa presso l\u2019ATS (ex ASL), in questo modo gli animali saranno tutelati dal punto di vista sanitario: l\u2019ATS si occuper\u00e0 delle sterilizzazioni, proprio per contrastare il fenomeno del randagismo e dell&#8217;abbandono. <br>Inoltre, anche i tutor delle colonie saranno tutelati dalla prospettiva giuridica in quanto responsabili riconosciuti dalle Autorit\u00e0.<br><br><em>Volete dare una mano o semplicemente sapere in che modo si gestisce una colonia felina?<\/em><br><br>In primo luogo, bisogna pensare alla gestione del cibo, che deve essere distribuito in ore fisse in modo che i micioni possano consumare la razione in poco tempo e poter togliere i contenitori per evitare ristagni d&#8217;acqua al sole, cibo maleodorante o ciotoline sparse che possono finire anche sotto le macchine e in altri posti pericolosi.&nbsp;<br><br>Una corretta gestione della colonia, infatti, permette di tenere sotto controllo diversi inconvenienti, da quelli igienici a quelli di convivenza con i vicini.&nbsp;I punti pappa, ove possibile, devono essere collocate al riparo dal sole per garantire sempre la presenza di acqua pulita ed evitare decomposizioni e cattivi odori derivanti dal cibo; per questo \u00e8 meglio fornire cibi secchi.<br><br>Queste accortezze per\u00f2 non sono sufficienti se prima non si provvede alla sterilizzazione dei gatti, che risulta necessaria alla salvaguardia della salute dei micioni e ad evitare la crescita incontrollata della popolazione felina. Ad oggi la sterilizzazione chirurgica \u00e8 l\u2019unica possibilit\u00e0 per controllare le nascite, rendere sostenibile la gestione della colonia e limitare i conflitti di convivenza con gli umani.<br><br>La scelta pi\u00f9 corretta \u00e8 quella di sterilizzare maschi e femmine. Nello specifico, la sterilizzazione dei maschi \u00e8 consigliata per contenere la trasmissione del FIV (immunodeficienza felina) ed evitare gli spostamenti da una colonia all\u2019altra con i rischi derivanti, come incidenti, lotte per il territorio, etc.<br><br><strong><span class=\"has-inline-color has-vivid-green-cyan-color\">Per questo \u00e8 importante che ci sia qualcuno che segua con costanza e attenzione gli animali e possa intervenire in caso di bisogno.<br><\/span><\/strong><br>Il nostro rifugio gestisce diverse colonie dislocate sul territorio tra i paesi di Zibido San Giacomo, San Pietro Cusico e Badile, se avete adottato un gattino da noi, magari i suoi avi vivono proprio in quelle colonie, chiss\u00e0&#8230;<\/p>\n\n\n\n<p><\/p>\n","protected":false},"excerpt":{"rendered":"<p>Colonie feline Iniziamo subito a definire cosa sia una colonia felina.&nbsp; Vi \u00e8 mai capitato di trovarvi in un posto un po&#8217; tranquillo, magari un po&#8217; isolato, ma con delle ciotoline o piatti posizionati in punti strategici?&nbsp;Se avete avuto la fortuna di incontrare anche un paio di gattoni che vi guardavano curiosi, con molta probabilit\u00e0 [&hellip;]<\/p>\n","protected":false},"author":1,"featured_media":0,"parent":0,"menu_order":2,"comment_status":"closed","ping_status":"closed","template":"page-template\/custom-front-page.php","meta":[],"_links":{"self":[{"href":"http:\/\/www.tamtamperrandagi.it\/index.php?rest_route=\/wp\/v2\/pages\/2"}],"collection":[{"href":"http:\/\/www.tamtamperrandagi.it\/index.php?rest_route=\/wp\/v2\/pages"}],"about":[{"href":"http:\/\/www.tamtamperrandagi.it\/index.php?rest_route=\/wp\/v2\/types\/page"}],"author":[{"embeddable":true,"href":"http:\/\/www.tamtamperrandagi.it\/index.php?rest_route=\/wp\/v2\/users\/1"}],"replies":[{"embeddable":true,"href":"http:\/\/www.tamtamperrandagi.it\/index.php?rest_route=%2Fwp%2Fv2%2Fcomments&post=2"}],"version-history":[{"count":19,"href":"http:\/\/www.tamtamperrandagi.it\/index.php?rest_route=\/wp\/v2\/pages\/2\/revisions"}],"predecessor-version":[{"id":815,"href":"http:\/\/www.tamtamperrandagi.it\/index.php?rest_route=\/wp\/v2\/pages\/2\/revisions\/815"}],"wp:attachment":[{"href":"http:\/\/www.tamtamperrandagi.it\/index.php?rest_route=%2Fwp%2Fv2%2Fmedia&parent=2"}],"curies":[{"name":"wp","href":"https:\/\/api.w.org\/{rel}","templated":true}]}}